{"id":15,"date":"2024-12-09T14:09:14","date_gmt":"2024-12-09T13:09:14","guid":{"rendered":"https:\/\/expo-amazonia.com\/?page_id=15"},"modified":"2025-11-13T14:54:30","modified_gmt":"2025-11-13T13:54:30","slug":"accueil","status":"publish","type":"page","link":"https:\/\/expo-amazonia.com\/en\/","title":{"rendered":"Home"},"content":{"rendered":"<div data-elementor-type=\"wp-page\" data-elementor-id=\"15\" class=\"elementor elementor-15\" data-elementor-post-type=\"page\">\n\t\t\t\t<div class=\"elementor-element elementor-element-ea36a87 elementor-hidden-tablet elementor-hidden-mobile e-flex e-con-boxed e-con e-parent\" data-id=\"ea36a87\" data-element_type=\"container\" data-e-type=\"container\" data-settings=\"{&quot;background_background&quot;:&quot;video&quot;,&quot;background_video_link&quot;:&quot;https:\\\/\\\/youtu.be\\\/JKt0Ttx9OXI&quot;,&quot;background_play_on_mobile&quot;:&quot;yes&quot;}\">\n\t\t\t\t\t<div class=\"e-con-inner\">\n\t\t<div class=\"elementor-background-video-container\">\n\t\t\t\t\t\t\t<div class=\"elementor-background-video-embed\" role=\"presentation\"><\/div>\n\t\t\t\t\t\t<\/div>\t\t<div class=\"elementor-element elementor-element-35c8eda elementor-widget elementor-widget-spacer\" data-id=\"35c8eda\" data-element_type=\"widget\" data-e-type=\"widget\" data-widget_type=\"spacer.default\">\n\t\t\t\t<div class=\"elementor-widget-container\">\n\t\t\t\t\t\t\t<div class=\"elementor-spacer\">\n\t\t\t<div class=\"elementor-spacer-inner\"><\/div>\n\t\t<\/div>\n\t\t\t\t\t\t<\/div>\n\t\t\t\t<\/div>\n\t\t\t\t<div class=\"elementor-element elementor-element-cf0e39f elementor-widget elementor-widget-heading\" data-id=\"cf0e39f\" data-element_type=\"widget\" data-e-type=\"widget\" data-widget_type=\"heading.default\">\n\t\t\t\t<div class=\"elementor-widget-container\">\n\t\t\t\t\t<h2 class=\"elementor-heading-title elementor-size-default\">AMAZ\u00d4NIA<\/h2>\t\t\t\t<\/div>\n\t\t\t\t<\/div>\n\t\t\t\t<div class=\"elementor-element elementor-element-0f77f90 elementor-widget elementor-widget-spacer\" data-id=\"0f77f90\" data-element_type=\"widget\" data-e-type=\"widget\" data-widget_type=\"spacer.default\">\n\t\t\t\t<div class=\"elementor-widget-container\">\n\t\t\t\t\t\t\t<div class=\"elementor-spacer\">\n\t\t\t<div class=\"elementor-spacer-inner\"><\/div>\n\t\t<\/div>\n\t\t\t\t\t\t<\/div>\n\t\t\t\t<\/div>\n\t\t\t\t<div class=\"elementor-element elementor-element-038a857 elementor-widget elementor-widget-text-editor\" data-id=\"038a857\" data-element_type=\"widget\" data-e-type=\"widget\" data-widget_type=\"text-editor.default\">\n\t\t\t\t<div class=\"elementor-widget-container\">\n\t\t\t\t\t\t\t\t\t<p>THE EXHIBITION BY PHOTOGRAPHER<\/p>\t\t\t\t\t\t\t\t<\/div>\n\t\t\t\t<\/div>\n\t\t\t\t<div class=\"elementor-element elementor-element-67455fb elementor-widget elementor-widget-heading\" data-id=\"67455fb\" data-element_type=\"widget\" data-e-type=\"widget\" data-widget_type=\"heading.default\">\n\t\t\t\t<div class=\"elementor-widget-container\">\n\t\t\t\t\t<h2 class=\"elementor-heading-title elementor-size-default\">SEBASTI\u00c3O <br>SALGADO<\/h2>\t\t\t\t<\/div>\n\t\t\t\t<\/div>\n\t\t\t\t<div class=\"elementor-element elementor-element-4b9c72a elementor-widget elementor-widget-spacer\" data-id=\"4b9c72a\" data-element_type=\"widget\" data-e-type=\"widget\" data-widget_type=\"spacer.default\">\n\t\t\t\t<div class=\"elementor-widget-container\">\n\t\t\t\t\t\t\t<div class=\"elementor-spacer\">\n\t\t\t<div class=\"elementor-spacer-inner\"><\/div>\n\t\t<\/div>\n\t\t\t\t\t\t<\/div>\n\t\t\t\t<\/div>\n\t\t\t\t<div class=\"elementor-element elementor-element-5b57960 elementor-widget elementor-widget-text-editor\" data-id=\"5b57960\" data-element_type=\"widget\" data-e-type=\"widget\" data-widget_type=\"text-editor.default\">\n\t\t\t\t<div class=\"elementor-widget-container\">\n\t\t\t\t\t\t\t\t\t<p><b>EXPOSITION TERMIN\u00c9E<\/b><\/p>\t\t\t\t\t\t\t\t<\/div>\n\t\t\t\t<\/div>\n\t\t\t\t<div class=\"elementor-element elementor-element-c903653 elementor-widget elementor-widget-spacer\" data-id=\"c903653\" data-element_type=\"widget\" data-e-type=\"widget\" data-widget_type=\"spacer.default\">\n\t\t\t\t<div class=\"elementor-widget-container\">\n\t\t\t\t\t\t\t<div class=\"elementor-spacer\">\n\t\t\t<div class=\"elementor-spacer-inner\"><\/div>\n\t\t<\/div>\n\t\t\t\t\t\t<\/div>\n\t\t\t\t<\/div>\n\t\t\t\t<div class=\"elementor-element elementor-element-046ae2e elementor-widget elementor-widget-text-editor\" data-id=\"046ae2e\" data-element_type=\"widget\" data-e-type=\"widget\" data-widget_type=\"text-editor.default\">\n\t\t\t\t<div class=\"elementor-widget-container\">\n\t\t\t\t\t\t\t\t\t<p>MUSIC<br \/><strong><span style=\"color: #a57865;\">JEAN-MICHEL JARRE<\/span><\/strong><\/p><p>CURATION &amp; SCENOGRAPHY<br \/><span style=\"color: #a57865;\"><strong>L\u00c9LIA WANICK SALGADO<\/strong><\/span><\/p>\t\t\t\t\t\t\t\t<\/div>\n\t\t\t\t<\/div>\n\t\t\t\t\t<\/div>\n\t\t\t\t<\/div>\n\t\t<div class=\"elementor-element elementor-element-c08e5ed elementor-hidden-desktop elementor-hidden-tablet e-flex e-con-boxed e-con e-parent\" data-id=\"c08e5ed\" data-element_type=\"container\" data-e-type=\"container\" data-settings=\"{&quot;background_background&quot;:&quot;video&quot;,&quot;background_video_link&quot;:&quot;https:\\\/\\\/youtu.be\\\/-NYJ0eE8wV8&quot;,&quot;background_play_on_mobile&quot;:&quot;yes&quot;}\">\n\t\t\t\t\t<div class=\"e-con-inner\">\n\t\t<div class=\"elementor-background-video-container\">\n\t\t\t\t\t\t\t<div class=\"elementor-background-video-embed\" role=\"presentation\"><\/div>\n\t\t\t\t\t\t<\/div>\t\t<div class=\"elementor-element elementor-element-11c999c elementor-widget elementor-widget-spacer\" data-id=\"11c999c\" data-element_type=\"widget\" data-e-type=\"widget\" data-widget_type=\"spacer.default\">\n\t\t\t\t<div class=\"elementor-widget-container\">\n\t\t\t\t\t\t\t<div class=\"elementor-spacer\">\n\t\t\t<div class=\"elementor-spacer-inner\"><\/div>\n\t\t<\/div>\n\t\t\t\t\t\t<\/div>\n\t\t\t\t<\/div>\n\t\t\t\t<div class=\"elementor-element elementor-element-ce5b183 elementor-widget elementor-widget-heading\" data-id=\"ce5b183\" data-element_type=\"widget\" data-e-type=\"widget\" data-widget_type=\"heading.default\">\n\t\t\t\t<div class=\"elementor-widget-container\">\n\t\t\t\t\t<h2 class=\"elementor-heading-title elementor-size-default\">AMAZ\u00d4NIA<\/h2>\t\t\t\t<\/div>\n\t\t\t\t<\/div>\n\t\t\t\t<div class=\"elementor-element elementor-element-b5242ad elementor-widget elementor-widget-spacer\" data-id=\"b5242ad\" data-element_type=\"widget\" data-e-type=\"widget\" data-widget_type=\"spacer.default\">\n\t\t\t\t<div class=\"elementor-widget-container\">\n\t\t\t\t\t\t\t<div class=\"elementor-spacer\">\n\t\t\t<div class=\"elementor-spacer-inner\"><\/div>\n\t\t<\/div>\n\t\t\t\t\t\t<\/div>\n\t\t\t\t<\/div>\n\t\t\t\t<div class=\"elementor-element elementor-element-f357671 elementor-widget elementor-widget-text-editor\" data-id=\"f357671\" data-element_type=\"widget\" data-e-type=\"widget\" data-widget_type=\"text-editor.default\">\n\t\t\t\t<div class=\"elementor-widget-container\">\n\t\t\t\t\t\t\t\t\t<p>THE EXHIBITION BY PHOTOGRAPHER<\/p>\t\t\t\t\t\t\t\t<\/div>\n\t\t\t\t<\/div>\n\t\t\t\t<div class=\"elementor-element elementor-element-07e1de8 elementor-widget elementor-widget-heading\" data-id=\"07e1de8\" data-element_type=\"widget\" data-e-type=\"widget\" data-widget_type=\"heading.default\">\n\t\t\t\t<div class=\"elementor-widget-container\">\n\t\t\t\t\t<h2 class=\"elementor-heading-title elementor-size-default\">SEBASTI\u00c3O <br>SALGADO<\/h2>\t\t\t\t<\/div>\n\t\t\t\t<\/div>\n\t\t\t\t<div class=\"elementor-element elementor-element-d0aed24 elementor-widget elementor-widget-spacer\" data-id=\"d0aed24\" data-element_type=\"widget\" data-e-type=\"widget\" data-widget_type=\"spacer.default\">\n\t\t\t\t<div class=\"elementor-widget-container\">\n\t\t\t\t\t\t\t<div class=\"elementor-spacer\">\n\t\t\t<div class=\"elementor-spacer-inner\"><\/div>\n\t\t<\/div>\n\t\t\t\t\t\t<\/div>\n\t\t\t\t<\/div>\n\t\t\t\t<div class=\"elementor-element elementor-element-af72caf elementor-widget elementor-widget-text-editor\" data-id=\"af72caf\" data-element_type=\"widget\" data-e-type=\"widget\" data-widget_type=\"text-editor.default\">\n\t\t\t\t<div class=\"elementor-widget-container\">\n\t\t\t\t\t\t\t\t\t<p><b>EXPOSITION TERMIN\u00c9E<\/b><\/p>\t\t\t\t\t\t\t\t<\/div>\n\t\t\t\t<\/div>\n\t\t\t\t<div class=\"elementor-element elementor-element-c292b54 elementor-widget elementor-widget-spacer\" data-id=\"c292b54\" data-element_type=\"widget\" data-e-type=\"widget\" data-widget_type=\"spacer.default\">\n\t\t\t\t<div class=\"elementor-widget-container\">\n\t\t\t\t\t\t\t<div class=\"elementor-spacer\">\n\t\t\t<div class=\"elementor-spacer-inner\"><\/div>\n\t\t<\/div>\n\t\t\t\t\t\t<\/div>\n\t\t\t\t<\/div>\n\t\t\t\t<div class=\"elementor-element elementor-element-c707c79 elementor-widget elementor-widget-text-editor\" data-id=\"c707c79\" data-element_type=\"widget\" data-e-type=\"widget\" data-widget_type=\"text-editor.default\">\n\t\t\t\t<div class=\"elementor-widget-container\">\n\t\t\t\t\t\t\t\t\t<p>MUSIC<br \/><strong><span style=\"color: #a57865;\">JEAN-MICHEL JARRE<\/span><\/strong><\/p><p>CURATION &amp; SCENOGRAPHY<br \/><span style=\"color: #a57865;\"><strong>L\u00c9LIA WANICK SALGADO<\/strong><\/span><\/p>\t\t\t\t\t\t\t\t<\/div>\n\t\t\t\t<\/div>\n\t\t\t\t\t<\/div>\n\t\t\t\t<\/div>\n\t\t<div class=\"elementor-element elementor-element-1f9cccc e-flex e-con-boxed e-con e-parent\" data-id=\"1f9cccc\" data-element_type=\"container\" data-e-type=\"container\" data-settings=\"{&quot;background_background&quot;:&quot;classic&quot;}\">\n\t\t\t\t\t<div class=\"e-con-inner\">\n\t\t\t\t<div class=\"elementor-element elementor-element-c26c198 elementor-widget-divider--view-line elementor-widget elementor-widget-divider\" data-id=\"c26c198\" data-element_type=\"widget\" data-e-type=\"widget\" data-widget_type=\"divider.default\">\n\t\t\t\t<div class=\"elementor-widget-container\">\n\t\t\t\t\t\t\t<div class=\"elementor-divider\">\n\t\t\t<span class=\"elementor-divider-separator\">\n\t\t\t\t\t\t<\/span>\n\t\t<\/div>\n\t\t\t\t\t\t<\/div>\n\t\t\t\t<\/div>\n\t\t\t\t<div class=\"elementor-element elementor-element-44473a4 elementor-testimonial--skin-default elementor-testimonial--layout-image_inline elementor-testimonial--align-center elementor-widget elementor-widget-testimonial-carousel\" data-id=\"44473a4\" data-element_type=\"widget\" data-e-type=\"widget\" data-settings=\"{&quot;slides_per_view&quot;:&quot;3&quot;,&quot;lazyload&quot;:&quot;yes&quot;,&quot;slides_per_view_mobile&quot;:&quot;1&quot;,&quot;speed&quot;:350,&quot;autoplay&quot;:&quot;yes&quot;,&quot;autoplay_speed&quot;:5000,&quot;loop&quot;:&quot;yes&quot;,&quot;pause_on_hover&quot;:&quot;yes&quot;,&quot;pause_on_interaction&quot;:&quot;yes&quot;,&quot;space_between&quot;:{&quot;unit&quot;:&quot;px&quot;,&quot;size&quot;:10,&quot;sizes&quot;:[]},&quot;space_between_tablet&quot;:{&quot;unit&quot;:&quot;px&quot;,&quot;size&quot;:10,&quot;sizes&quot;:[]},&quot;space_between_mobile&quot;:{&quot;unit&quot;:&quot;px&quot;,&quot;size&quot;:10,&quot;sizes&quot;:[]}}\" data-no-translation=\"\" data-widget_type=\"testimonial-carousel.default\">\n\t\t\t\t<div class=\"elementor-widget-container\">\n\t\t\t\t\t<style>.elementor-element-44473a4{display:none !important}<\/style>\t\t\t\t<\/div>\n\t\t\t\t<\/div>\n\t\t\t\t<div class=\"elementor-element elementor-element-9577f8c elementor-testimonial--skin-default elementor-testimonial--layout-image_inline elementor-testimonial--align-center elementor-widget elementor-widget-testimonial-carousel\" data-id=\"9577f8c\" data-element_type=\"widget\" data-e-type=\"widget\" data-settings=\"{&quot;slides_per_view&quot;:&quot;3&quot;,&quot;lazyload&quot;:&quot;yes&quot;,&quot;slides_per_view_mobile&quot;:&quot;1&quot;,&quot;speed&quot;:350,&quot;autoplay&quot;:&quot;yes&quot;,&quot;autoplay_speed&quot;:5000,&quot;loop&quot;:&quot;yes&quot;,&quot;pause_on_hover&quot;:&quot;yes&quot;,&quot;pause_on_interaction&quot;:&quot;yes&quot;,&quot;space_between&quot;:{&quot;unit&quot;:&quot;px&quot;,&quot;size&quot;:10,&quot;sizes&quot;:[]},&quot;space_between_tablet&quot;:{&quot;unit&quot;:&quot;px&quot;,&quot;size&quot;:10,&quot;sizes&quot;:[]},&quot;space_between_mobile&quot;:{&quot;unit&quot;:&quot;px&quot;,&quot;size&quot;:10,&quot;sizes&quot;:[]}}\" data-no-translation=\"\" data-widget_type=\"testimonial-carousel.default\">\n\t\t\t\t<div class=\"elementor-widget-container\">\n\t\t\t\t\t<style>.elementor-element-9577f8c{display:none !important}<\/style>\t\t\t\t<\/div>\n\t\t\t\t<\/div>\n\t\t\t\t\t<\/div>\n\t\t\t\t<\/div>\n\t\t<div class=\"elementor-element elementor-element-881ed2a e-flex e-con-boxed e-con e-parent\" data-id=\"881ed2a\" data-element_type=\"container\" data-e-type=\"container\" data-settings=\"{&quot;background_background&quot;:&quot;classic&quot;}\">\n\t\t\t\t\t<div class=\"e-con-inner\">\n\t\t<div class=\"elementor-element elementor-element-f583e7a e-con-full e-flex e-con e-child\" data-id=\"f583e7a\" data-element_type=\"container\" data-e-type=\"container\">\n\t\t\t\t<div class=\"elementor-element elementor-element-0ece973 elementor-widget elementor-widget-image-carousel\" data-id=\"0ece973\" data-element_type=\"widget\" data-e-type=\"widget\" data-settings=\"{&quot;slides_to_show&quot;:&quot;1&quot;,&quot;navigation&quot;:&quot;none&quot;,&quot;autoplay_speed&quot;:3000,&quot;effect&quot;:&quot;fade&quot;,&quot;autoplay&quot;:&quot;yes&quot;,&quot;infinite&quot;:&quot;yes&quot;,&quot;speed&quot;:500}\" data-widget_type=\"image-carousel.default\">\n\t\t\t\t<div class=\"elementor-widget-container\">\n\t\t\t\t\t\t\t<div class=\"elementor-image-carousel-wrapper swiper\" role=\"region\" aria-roledescription=\"carousel\" aria-label=\"Carrousel d\u2019images\" dir=\"ltr\">\n\t\t\t<div class=\"elementor-image-carousel swiper-wrapper\" aria-live=\"off\">\n\t\t\t\t\t\t\t\t<div class=\"swiper-slide\" role=\"group\" aria-roledescription=\"slide\" aria-label=\"1 sur 3\"><figure class=\"swiper-slide-inner\"><img decoding=\"async\" class=\"swiper-slide-image\" src=\"https:\/\/expo-amazonia.com\/wp-content\/uploads\/2024\/12\/Exposition_AMAZONIA_Bruxelles_Sebastiao_Salgado_9.jpg\" alt=\"Mount Roraima. State of Roraima, Brazil, 2018. \u00a9 Sebasti\u00e3o Salgado - Amaz\u00f4nia Bruxelles\" \/><\/figure><\/div><div class=\"swiper-slide\" role=\"group\" aria-roledescription=\"slide\" aria-label=\"2 sur 3\"><figure class=\"swiper-slide-inner\"><img decoding=\"async\" class=\"swiper-slide-image\" src=\"https:\/\/expo-amazonia.com\/wp-content\/uploads\/2025\/01\/16-01-11233-LIGHT.jpg\" alt=\"Ashaninka family. State of Acre, Brazil, 2016. \u00a9 Sebasti\u00e3o Salgado - Amaz\u00f4nia Bruxelles\" \/><\/figure><\/div><div class=\"swiper-slide\" role=\"group\" aria-roledescription=\"slide\" aria-label=\"3 sur 3\"><figure class=\"swiper-slide-inner\"><img decoding=\"async\" class=\"swiper-slide-image\" src=\"https:\/\/expo-amazonia.com\/wp-content\/uploads\/2024\/12\/Exposition_AMAZONIA_Bruxelles_Sebastiao_Salgado_3.jpg\" alt=\"Ashaninka young woman. State of Acre, Brazil, 2016. \u00a9 Sebasti\u00e3o Salgado - Amaz\u00f4nia Bruxelles\" \/><\/figure><\/div>\t\t\t<\/div>\n\t\t\t\t\t\t\t\n\t\t\t\t\t\t\t\t\t<\/div>\n\t\t\t\t\t\t<\/div>\n\t\t\t\t<\/div>\n\t\t\t\t<\/div>\n\t\t<div class=\"elementor-element elementor-element-38a3c28 e-con-full e-flex e-con e-child\" data-id=\"38a3c28\" data-element_type=\"container\" data-e-type=\"container\">\n\t\t\t\t<div class=\"elementor-element elementor-element-47ab48e elementor-widget elementor-widget-heading\" data-id=\"47ab48e\" data-element_type=\"widget\" data-e-type=\"widget\" data-widget_type=\"heading.default\">\n\t\t\t\t<div class=\"elementor-widget-container\">\n\t\t\t\t\t<h2 class=\"elementor-heading-title elementor-size-default\">The Amaz\u00f4nia exhibition in Brussels takes you on a journey to the heart of the Amazon rainforest. through over 200 photographs revealing its incredible richness and that of the people who inhabit it.\n<\/h2>\t\t\t\t<\/div>\n\t\t\t\t<\/div>\n\t\t\t\t<div class=\"elementor-element elementor-element-c6bd3a6 elementor-hidden-tablet elementor-hidden-mobile elementor-widget elementor-widget-spacer\" data-id=\"c6bd3a6\" data-element_type=\"widget\" data-e-type=\"widget\" data-widget_type=\"spacer.default\">\n\t\t\t\t<div class=\"elementor-widget-container\">\n\t\t\t\t\t\t\t<div class=\"elementor-spacer\">\n\t\t\t<div class=\"elementor-spacer-inner\"><\/div>\n\t\t<\/div>\n\t\t\t\t\t\t<\/div>\n\t\t\t\t<\/div>\n\t\t\t\t<div class=\"elementor-element elementor-element-8b81506 elementor-align-center elementor-widget elementor-widget-button\" data-id=\"8b81506\" data-element_type=\"widget\" data-e-type=\"widget\" data-widget_type=\"button.default\">\n\t\t\t\t<div class=\"elementor-widget-container\">\n\t\t\t\t\t\t\t\t\t<div class=\"elementor-button-wrapper\">\n\t\t\t\t\t<a class=\"elementor-button elementor-button-link elementor-size-sm\" href=\"https:\/\/expo-amazonia.com\/en\/exposition-amazonia-le-parcours\/\">\n\t\t\t\t\t\t<span class=\"elementor-button-content-wrapper\">\n\t\t\t\t\t\t\t\t\t<span class=\"elementor-button-text\">DISCOVER THE EXHIBITION<\/span>\n\t\t\t\t\t<\/span>\n\t\t\t\t\t<\/a>\n\t\t\t\t<\/div>\n\t\t\t\t\t\t\t\t<\/div>\n\t\t\t\t<\/div>\n\t\t\t\t<\/div>\n\t\t\t\t\t<\/div>\n\t\t\t\t<\/div>\n\t\t<div class=\"elementor-element elementor-element-e4f44a6 e-flex e-con-boxed e-con e-parent\" data-id=\"e4f44a6\" data-element_type=\"container\" data-e-type=\"container\" data-settings=\"{&quot;background_background&quot;:&quot;classic&quot;}\">\n\t\t\t\t\t<div class=\"e-con-inner\">\n\t\t\t\t<div class=\"elementor-element elementor-element-fcc65cf elementor-widget-divider--view-line elementor-widget elementor-widget-divider\" data-id=\"fcc65cf\" data-element_type=\"widget\" data-e-type=\"widget\" data-widget_type=\"divider.default\">\n\t\t\t\t<div class=\"elementor-widget-container\">\n\t\t\t\t\t\t\t<div class=\"elementor-divider\">\n\t\t\t<span class=\"elementor-divider-separator\">\n\t\t\t\t\t\t<\/span>\n\t\t<\/div>\n\t\t\t\t\t\t<\/div>\n\t\t\t\t<\/div>\n\t\t\t\t\t<\/div>\n\t\t\t\t<\/div>\n\t\t\t\t<\/div>","protected":false},"excerpt":{"rendered":"<p>AMAZ\u00d4NIA L&rsquo;EXPOSITION-\u00c9V\u00c9NEMENT DU PHOTOGRAPHE SEBASTI\u00c3O SALGADO EXPOSITION TERMIN\u00c9E CR\u00c9ATION MUSICALEJEAN-MICHEL JARRE COMMISSARIAT &amp; SC\u00c9NOGRAPHIEL\u00c9LIA WANICK SALGADO AMAZ\u00d4NIA L&rsquo;EXPOSITION-\u00c9V\u00c9NEMENT DU PHOTOGRAPHE SEBASTI\u00c3O SALGADO EXPOSITION TERMIN\u00c9E CR\u00c9ATION MUSICALEJEAN-MICHEL JARRE COMMISSARIAT &amp; SC\u00c9NOGRAPHIEL\u00c9LIA WANICK SALGADO L&rsquo;exposition Amaz\u00f4nia \u00e0 Bruxelles vous propose un voyage au c\u0153ur de la for\u00eat amazonienne, \u00e0 travers plus de 200 photographies r\u00e9v\u00e9lant son incroyable&hellip;&nbsp;<a href=\"https:\/\/expo-amazonia.com\/en\/\" rel=\"bookmark\">Read More &raquo;<span class=\"screen-reader-text\">Home<\/span><\/a><\/p>","protected":false},"author":2,"featured_media":0,"parent":0,"menu_order":0,"comment_status":"closed","ping_status":"closed","template":"page-templates\/template-pagebuilder-full-width.php","meta":{"neve_meta_sidebar":"","neve_meta_container":"","neve_meta_enable_content_width":"on","neve_meta_content_width":100,"neve_meta_title_alignment":"","neve_meta_author_avatar":"","neve_post_elements_order":"","neve_meta_disable_header":"","neve_meta_disable_footer":"","neve_meta_disable_title":"on","neve_meta_reading_time":"","footnotes":""},"class_list":["post-15","page","type-page","status-publish","hentry"],"yoast_head":"<!-- This site is optimized with the Yoast SEO Premium plugin v24.8 (Yoast SEO v25.6) - https:\/\/yoast.com\/wordpress\/plugins\/seo\/ -->\n<title>Amaz\u00f4nia Bruxelles - Sebasti\u00e3o Salgado<\/title>\n<meta name=\"description\" content=\"Amazonia Bruxelles - L&#039;exposition-\u00e9v\u00e9nement du photographe Sebasti\u00e3o Salgado, sur une composition musicale de Jean-Michel Jarre.\" \/>\n<meta name=\"robots\" content=\"index, follow, max-snippet:-1, max-image-preview:large, max-video-preview:-1\" \/>\n<link rel=\"canonical\" href=\"https:\/\/expo-amazonia.com\/en\/\" \/>\n<meta property=\"og:locale\" content=\"en_GB\" \/>\n<meta property=\"og:type\" content=\"article\" \/>\n<meta property=\"og:title\" content=\"Accueil\" \/>\n<meta property=\"og:description\" content=\"Amazonia Bruxelles - L&#039;exposition-\u00e9v\u00e9nement du photographe Sebasti\u00e3o Salgado, sur une composition musicale de Jean-Michel Jarre.\" \/>\n<meta property=\"og:url\" content=\"https:\/\/expo-amazonia.com\/en\/\" \/>\n<meta property=\"og:site_name\" content=\"Amaz\u00f4nia\" \/>\n<meta property=\"article:modified_time\" content=\"2025-11-13T13:54:30+00:00\" \/>\n<meta property=\"og:image\" content=\"https:\/\/expo-amazonia.com\/wp-content\/uploads\/2024\/12\/Exposition_AMAZONIA_Bruxelles_Sebastiao_Salgado_9.jpg\" \/>\n<meta name=\"twitter:card\" content=\"summary_large_image\" \/>\n<meta name=\"twitter:label1\" content=\"Estimated reading time\" \/>\n\t<meta name=\"twitter:data1\" content=\"6 minutes\" \/>\n<script type=\"application\/ld+json\" class=\"yoast-schema-graph\">{\"@context\":\"https:\/\/schema.org\",\"@graph\":[{\"@type\":\"WebPage\",\"@id\":\"https:\/\/expo-amazonia.com\/\",\"url\":\"https:\/\/expo-amazonia.com\/\",\"name\":\"Amaz\u00f4nia Bruxelles - Sebasti\u00e3o Salgado\",\"isPartOf\":{\"@id\":\"https:\/\/expo-amazonia.com\/#website\"},\"primaryImageOfPage\":{\"@id\":\"https:\/\/expo-amazonia.com\/#primaryimage\"},\"image\":{\"@id\":\"https:\/\/expo-amazonia.com\/#primaryimage\"},\"thumbnailUrl\":\"https:\/\/expo-amazonia.com\/wp-content\/uploads\/2024\/12\/Exposition_AMAZONIA_Bruxelles_Sebastiao_Salgado_9.jpg\",\"datePublished\":\"2024-12-09T13:09:14+00:00\",\"dateModified\":\"2025-11-13T13:54:30+00:00\",\"description\":\"Amazonia Bruxelles - L'exposition-\u00e9v\u00e9nement du photographe Sebasti\u00e3o Salgado, sur une composition musicale de Jean-Michel Jarre.\",\"breadcrumb\":{\"@id\":\"https:\/\/expo-amazonia.com\/#breadcrumb\"},\"inLanguage\":\"en-GB\",\"potentialAction\":[{\"@type\":\"ReadAction\",\"target\":[\"https:\/\/expo-amazonia.com\/\"]}]},{\"@type\":\"ImageObject\",\"inLanguage\":\"en-GB\",\"@id\":\"https:\/\/expo-amazonia.com\/#primaryimage\",\"url\":\"https:\/\/expo-amazonia.com\/wp-content\/uploads\/2024\/12\/Exposition_AMAZONIA_Bruxelles_Sebastiao_Salgado_9.jpg\",\"contentUrl\":\"https:\/\/expo-amazonia.com\/wp-content\/uploads\/2024\/12\/Exposition_AMAZONIA_Bruxelles_Sebastiao_Salgado_9.jpg\"},{\"@type\":\"BreadcrumbList\",\"@id\":\"https:\/\/expo-amazonia.com\/#breadcrumb\",\"itemListElement\":[{\"@type\":\"ListItem\",\"position\":1,\"name\":\"Accueil\",\"item\":\"https:\/\/expo-amazonia.com\/\"},{\"@type\":\"ListItem\",\"position\":2,\"name\":\"Accueil\"}]},{\"@type\":\"WebSite\",\"@id\":\"https:\/\/expo-amazonia.com\/#website\",\"url\":\"https:\/\/expo-amazonia.com\/\",\"name\":\"Amaz\u00f4nia\",\"description\":\"\",\"potentialAction\":[{\"@type\":\"SearchAction\",\"target\":{\"@type\":\"EntryPoint\",\"urlTemplate\":\"https:\/\/expo-amazonia.com\/?s={search_term_string}\"},\"query-input\":{\"@type\":\"PropertyValueSpecification\",\"valueRequired\":true,\"valueName\":\"search_term_string\"}}],\"inLanguage\":\"en-GB\"}]}<\/script>\n<!-- \/ Yoast SEO Premium plugin. -->","yoast_head_json":{"title":"Amaz\u00f4nia Bruxelles - Sebasti\u00e3o Salgado","description":"Amazonia Bruxelles - L'exposition-\u00e9v\u00e9nement du photographe Sebasti\u00e3o Salgado, sur une composition musicale de Jean-Michel Jarre.","robots":{"index":"index","follow":"follow","max-snippet":"max-snippet:-1","max-image-preview":"max-image-preview:large","max-video-preview":"max-video-preview:-1"},"canonical":"https:\/\/expo-amazonia.com\/en\/","og_locale":"en_GB","og_type":"article","og_title":"Accueil","og_description":"Amazonia Bruxelles - L'exposition-\u00e9v\u00e9nement du photographe Sebasti\u00e3o Salgado, sur une composition musicale de Jean-Michel Jarre.","og_url":"https:\/\/expo-amazonia.com\/en\/","og_site_name":"Amaz\u00f4nia","article_modified_time":"2025-11-13T13:54:30+00:00","og_image":[{"url":"https:\/\/expo-amazonia.com\/wp-content\/uploads\/2024\/12\/Exposition_AMAZONIA_Bruxelles_Sebastiao_Salgado_9.jpg","type":"","width":"","height":""}],"twitter_card":"summary_large_image","twitter_misc":{"Estimated reading time":"6 minutes"},"schema":{"@context":"https:\/\/schema.org","@graph":[{"@type":"WebPage","@id":"https:\/\/expo-amazonia.com\/","url":"https:\/\/expo-amazonia.com\/","name":"Amaz\u00f4nia Bruxelles - Sebasti\u00e3o Salgado","isPartOf":{"@id":"https:\/\/expo-amazonia.com\/#website"},"primaryImageOfPage":{"@id":"https:\/\/expo-amazonia.com\/#primaryimage"},"image":{"@id":"https:\/\/expo-amazonia.com\/#primaryimage"},"thumbnailUrl":"https:\/\/expo-amazonia.com\/wp-content\/uploads\/2024\/12\/Exposition_AMAZONIA_Bruxelles_Sebastiao_Salgado_9.jpg","datePublished":"2024-12-09T13:09:14+00:00","dateModified":"2025-11-13T13:54:30+00:00","description":"Amazonia Bruxelles - L'exposition-\u00e9v\u00e9nement du photographe Sebasti\u00e3o Salgado, sur une composition musicale de Jean-Michel Jarre.","breadcrumb":{"@id":"https:\/\/expo-amazonia.com\/#breadcrumb"},"inLanguage":"en-GB","potentialAction":[{"@type":"ReadAction","target":["https:\/\/expo-amazonia.com\/"]}]},{"@type":"ImageObject","inLanguage":"en-GB","@id":"https:\/\/expo-amazonia.com\/#primaryimage","url":"https:\/\/expo-amazonia.com\/wp-content\/uploads\/2024\/12\/Exposition_AMAZONIA_Bruxelles_Sebastiao_Salgado_9.jpg","contentUrl":"https:\/\/expo-amazonia.com\/wp-content\/uploads\/2024\/12\/Exposition_AMAZONIA_Bruxelles_Sebastiao_Salgado_9.jpg"},{"@type":"BreadcrumbList","@id":"https:\/\/expo-amazonia.com\/#breadcrumb","itemListElement":[{"@type":"ListItem","position":1,"name":"Accueil","item":"https:\/\/expo-amazonia.com\/"},{"@type":"ListItem","position":2,"name":"Accueil"}]},{"@type":"WebSite","@id":"https:\/\/expo-amazonia.com\/#website","url":"https:\/\/expo-amazonia.com\/","name":"Amaz\u00f4nia","description":"","potentialAction":[{"@type":"SearchAction","target":{"@type":"EntryPoint","urlTemplate":"https:\/\/expo-amazonia.com\/?s={search_term_string}"},"query-input":{"@type":"PropertyValueSpecification","valueRequired":true,"valueName":"search_term_string"}}],"inLanguage":"en-GB"}]}},"_links":{"self":[{"href":"https:\/\/expo-amazonia.com\/en\/wp-json\/wp\/v2\/pages\/15","targetHints":{"allow":["GET"]}}],"collection":[{"href":"https:\/\/expo-amazonia.com\/en\/wp-json\/wp\/v2\/pages"}],"about":[{"href":"https:\/\/expo-amazonia.com\/en\/wp-json\/wp\/v2\/types\/page"}],"author":[{"embeddable":true,"href":"https:\/\/expo-amazonia.com\/en\/wp-json\/wp\/v2\/users\/2"}],"replies":[{"embeddable":true,"href":"https:\/\/expo-amazonia.com\/en\/wp-json\/wp\/v2\/comments?post=15"}],"version-history":[{"count":208,"href":"https:\/\/expo-amazonia.com\/en\/wp-json\/wp\/v2\/pages\/15\/revisions"}],"predecessor-version":[{"id":1538,"href":"https:\/\/expo-amazonia.com\/en\/wp-json\/wp\/v2\/pages\/15\/revisions\/1538"}],"wp:attachment":[{"href":"https:\/\/expo-amazonia.com\/en\/wp-json\/wp\/v2\/media?parent=15"}],"curies":[{"name":"wp","href":"https:\/\/api.w.org\/{rel}","templated":true}]}}