{"id":163,"date":"2025-01-22T15:19:09","date_gmt":"2025-01-22T14:19:09","guid":{"rendered":"https:\/\/expo-amazonia.com\/?page_id=163"},"modified":"2025-02-11T13:58:37","modified_gmt":"2025-02-11T12:58:37","slug":"police-relative-aux-cookies-et-autres-traceurs","status":"publish","type":"page","link":"https:\/\/expo-amazonia.com\/en\/police-relative-aux-cookies-et-autres-traceurs\/","title":{"rendered":"Police relative aux cookies et autres traceurs"},"content":{"rendered":"<div data-elementor-type=\"wp-page\" data-elementor-id=\"163\" class=\"elementor elementor-163\" data-elementor-post-type=\"page\">\n\t\t\t\t<div class=\"elementor-element elementor-element-c2badfe e-flex e-con-boxed e-con e-parent\" data-id=\"c2badfe\" data-element_type=\"container\" data-e-type=\"container\">\n\t\t\t\t\t<div class=\"e-con-inner\">\n\t\t\t\t<div class=\"elementor-element elementor-element-06af7dd elementor-widget elementor-widget-spacer\" data-id=\"06af7dd\" data-element_type=\"widget\" data-e-type=\"widget\" data-widget_type=\"spacer.default\">\n\t\t\t\t<div class=\"elementor-widget-container\">\n\t\t\t\t\t\t\t<div class=\"elementor-spacer\">\n\t\t\t<div class=\"elementor-spacer-inner\"><\/div>\n\t\t<\/div>\n\t\t\t\t\t\t<\/div>\n\t\t\t\t<\/div>\n\t\t\t\t\t<\/div>\n\t\t\t\t<\/div>\n\t\t<div class=\"elementor-element elementor-element-8e3c971 e-flex e-con-boxed e-con e-parent\" data-id=\"8e3c971\" data-element_type=\"container\" data-e-type=\"container\">\n\t\t\t\t\t<div class=\"e-con-inner\">\n\t\t\t\t<div class=\"elementor-element elementor-element-20b8fd5 elementor-widget elementor-widget-text-editor\" data-id=\"20b8fd5\" data-element_type=\"widget\" data-e-type=\"widget\" data-widget_type=\"text-editor.default\">\n\t\t\t\t<div class=\"elementor-widget-container\">\n\t\t\t\t\t\t\t\t\t<h1>Police relative aux cookies et autres traceurs<\/h1><h2><b>1. Introduction<\/b><\/h2><p>Tempora utilise des cookies sur le domaine www.expo-amazonia.com afin de rendre le site web utilisable en activant des fonctions de base comme la navigation de page et l&rsquo;acc\u00e8s aux zones s\u00e9curis\u00e9es du site web. Nous utilisons \u00e9galement des cookies d\u2019analyses et de suivi publicitaires. Nous vous invitons \u00e0 prendre connaissance de cette police.<\/p><h2><b>2. Qu&rsquo;est-ce qu&rsquo;un cookie ?<\/b><\/h2><p>Un \u00ab cookie \u00bb est un fichier texte plac\u00e9 sur l\u2019appareil d\u2019un utilisateur connect\u00e9 \u00e0 Internet.<\/p><p>Le terme \u00ab cookie \u00bb est \u00e0 consid\u00e9rer au sens large et couvre l&rsquo;ensemble des cookies ou traceurs d\u00e9pos\u00e9s et\/ou lus, par exemple, lors de la consultation d&rsquo;un site Internet, de la lecture d&rsquo;un courrier \u00e9lectronique, de l&rsquo;installation ou de l&rsquo;utilisation d&rsquo;un logiciel ou d&rsquo;une application mobile.<\/p><p>Tout utilisateur est concern\u00e9, quel que soit le type de terminal utilis\u00e9 : ordinateurs, smartphones, tablettes num\u00e9riques, consoles de jeux vid\u00e9o\u2026<\/p><p>Un \u00ab cookie \u00bb est enregistr\u00e9 sur le p\u00e9riph\u00e9rique par le navigateur de l\u2019internaute lors de sa premi\u00e8re visite sur le site. Il peut ensuite \u00eatre r\u00e9cup\u00e9r\u00e9 lors d&rsquo;une visite ult\u00e9rieure sur le m\u00eame site. Les informations contenues dans le cookie et r\u00e9cup\u00e9r\u00e9es lors du passage ult\u00e9rieur seront renvoy\u00e9es \u00e0 la page web qui les a g\u00e9n\u00e9r\u00e9es, c\u2019est-\u00e0-dire soit \u00e0 une page sur laquelle se trouve l\u2019utilisateur (cookie de \u00ab\u00a0premi\u00e8re partie\u00a0\u00bb) soit \u00e0 une page web d\u2019un autre site tiers (cookie tiers).<\/p><h2><b>3. \u00c0 quoi servent les cookies et quels cookies utilisons-nous ?<\/b><\/h2><p>Les cookies peuvent par exemple servir \u00e0 recharger les pages et \u00e0 reconna\u00eetre la visite d\u2019un utilisateur sur les pr\u00e9sentations de page (langue d\u2019affichage p. ex.). Ils peuvent \u00e9galement cr\u00e9er une exp\u00e9rience plus agr\u00e9able pour l\u2019internaute lorsqu\u2019il visite la page en m\u00e9morisant les pr\u00e9f\u00e9rences de l\u2019utilisateur.<\/p><p>Il existe plusieurs types de cookies. Certains n\u00e9cessitent le consentement de l\u2019utilisateur tandis que d\u2019autres reposent sur d\u2019autres finalit\u00e9s.<\/p><p>Ce site utilise\u00a0:<\/p><ul><li>Cookies techniques<\/li><\/ul><p>Ils sont n\u00e9cessaires \u00e0 la navigation sur le site et \u00e0 l\u2019acc\u00e8s aux services. Ce sont des composants techniques, et ne peuvent pas \u00eatre d\u00e9sactiv\u00e9s ou param\u00e9tr\u00e9s sous peine de ne plus pouvoir acc\u00e9der au site et\/ou aux services du site. Ces cookies ne n\u00e9cessitent pas de consentement.<\/p><ul><li>Cookies de \u00ab\u00a0pr\u00e9f\u00e9rence\u00a0\u00bb<\/li><\/ul><p>Les cookies de pr\u00e9f\u00e9rences permettent \u00e0 un site web de retenir des informations qui modifient la mani\u00e8re dont le site se comporte ou s\u2019affiche, comme votre langue pr\u00e9f\u00e9r\u00e9e.<\/p><p>Ces cookies sont d\u00e9clench\u00e9s d\u00e8s qu\u2019une page web est affich\u00e9e, ou lorsqu&rsquo;une action particuli\u00e8re est effectu\u00e9e.<\/p><ul><li>Cookies utilis\u00e9s pour obtenir les statistiques de navigation<\/li><\/ul><p>Les cookies statistiques permettent au propri\u00e9taire du site web de comprendre la mani\u00e8re dont les utilisateurs interagissent avec le site web.<\/p><ul><li>Cookies utilis\u00e9s pour des fins publicitaires\/de suivi<\/li><\/ul><p>Les cookies publicitaires servent \u00e0 tracer l\u2019utilisateur \u00e0 travers des sites web. Le but de ces cookies est de proposer une publicit\u00e9 cibl\u00e9e en fonction du profil de l\u2019utilisateur.<\/p><h2><b>4. Vos choix concernant les cookies<\/b><\/h2><p>Si vous souhaitez savoir quels cookies sont install\u00e9s sur votre appareil ou si vous voulez les supprimer, vous pouvez utiliser un param\u00e8tre de votre navigateur. Vous trouverez davantage d\u2019explications sur la mani\u00e8re de proc\u00e9der via les liens ci-dessous.<\/p><h3>4.1. Refuser un cookie par l\u2019interm\u00e9diaire du logiciel de navigation<\/h3><p>Liste non exhaustive :<\/p><ul><li>Microsoft Edge :\u00a0<a href=\"https:\/\/support.microsoft.com\/fr-fr\/microsoft-edge\/supprimer-les-cookies-dans-microsoft-edge-63947406-40ac-c3b8-57b9-2a946a29ae09\">https:\/\/support.microsoft.com\/fr-fr\/microsoft-edge\/supprimer-les-cookies-dans-microsoft-edge-63947406-40ac-c3b8-57b9-2a946a29ae09<\/a><\/li><li>Mozilla Firefox : <a href=\"https:\/\/support.mozilla.org\/fr\/kb\/effacer-les-cookies-pour-supprimer-les-information\">https:\/\/support.mozilla.org\/fr\/kb\/effacer-les-cookies-pour-supprimer-les-information<\/a><\/li><li>Safari :\u00a0<a href=\"https:\/\/support.apple.com\/fr-be\/guide\/safari\/manage-cookies-and-website-data-sfri11471\/mac\">https:\/\/support.apple.com\/fr-be\/guide\/safari\/manage-cookies-and-website-data-sfri11471\/mac<\/a><\/li><li>Google Chrome : <a href=\"https:\/\/support.google.com\/chrome\/answer\/95647\">https:\/\/support.google.com\/chrome\/answer\/95647<\/a><\/li><\/ul><p>La d\u00e9sactivation de tous les cookies emp\u00eachera l\u2019utilisateur d\u2019utiliser le site dans des conditions normales, \u00e0 l\u2019exception des fonctions basiques.<\/p><h3>4.2. Refuser d&rsquo;\u00eatre suivi<\/h3><p>Le navigateur peut \u00eatre param\u00e9tr\u00e9 afin que celui-ci envoie un code indiquant aux sites Web que l\u2019utilisateur ne souhaite pas \u00eatre suivi. (Option \u00ab\u00a0Do No Track\u00a0\u00bb).<\/p><p>Les appareils mobiles peuvent aussi proposer les param\u00e8tres \u00ab\u00a0Suivi publicitaire limit\u00e9\u00a0\u00bb (sur iOS) ou \u00ab\u00a0Interdire le suivi\u00a0\u00bb (sur Android).<\/p><h3>4.3. Modification du choix relatif aux cookies<\/h3><p>En cas de modification de choix de cookies, nous n\u2019utilisons plus les cookies, mais ils peuvent toujours \u00eatre pr\u00e9sents au sein du navigateur.<\/p><p>Nous vous invitons \u00e0 supprimer les cookies non d\u00e9sir\u00e9s via les param\u00e8tres de votre navigateur (cf. point 1 de ce chapitre).<\/p><h2><b>5. Donn\u00e9es personnelles et vie priv\u00e9e<\/b><\/h2><p>Cette politique relative aux cookies peut \u00eatre adapt\u00e9e afin de faire part de ses \u00e9ventuelles modifications. La date qui figure au bas du pr\u00e9sent document indique quand des modifications lui ont \u00e9t\u00e9 apport\u00e9es pour la derni\u00e8re fois.<\/p><p>Si nous souhaitons utiliser des cookies pour lesquels vous nous avez donn\u00e9 votre autorisation \u00e0 d\u2019autres fins, nous vous en demanderons l\u2019autorisation.<\/p><p>Pour toute autre question relative \u00e0 la collecte et la gestion des donn\u00e9es personnelles, l\u2019utilisateur est invit\u00e9 \u00e0 prendre connaissance de la\u00a0police vie priv\u00e9e\u00a0ou contacter Tempora \u00e0 l\u2019adresse suivante : <a href=\"mailto:privacy@tempora.be\">privacy@tempora.be<\/a><\/p><p>En France, pour toute information compl\u00e9mentaire sur les cookies, l\u2019utilisateur est invit\u00e9 \u00e0 consulter le site (<a href=\"https:\/\/www.cnil.fr\/\">https:\/\/www.cnil.fr\/<\/a>)\u00a0 ou \u00e0 se renseigner aupr\u00e8s de la Commission nationale de l\u2019informatique et des libert\u00e9s\u00a0: 3 Place de Fontenoy, TSA 80715, 75334 PARIS CEDEX 07, France.<\/p><p>En Belgique, pour toute information compl\u00e9mentaire sur les cookies, l\u2019utilisateur est invit\u00e9 \u00e0 consulter le site (<a href=\"https:\/\/www.autoriteprotectiondonnees.be\/\">https:\/\/www.autoriteprotectiondonnees.be\/<\/a>) ou \u00e0 se renseigner aupr\u00e8s de l\u2019Autorit\u00e9 de protection des donn\u00e9es : Rue de la Presse, 35, 1000 Bruxelles.<\/p><p>Derni\u00e8re mise \u00e0 jour : septembre 2022.<\/p>\t\t\t\t\t\t\t\t<\/div>\n\t\t\t\t<\/div>\n\t\t\t\t<div class=\"elementor-element elementor-element-9cb80bc elementor-widget elementor-widget-spacer\" data-id=\"9cb80bc\" data-element_type=\"widget\" data-e-type=\"widget\" data-widget_type=\"spacer.default\">\n\t\t\t\t<div class=\"elementor-widget-container\">\n\t\t\t\t\t\t\t<div class=\"elementor-spacer\">\n\t\t\t<div class=\"elementor-spacer-inner\"><\/div>\n\t\t<\/div>\n\t\t\t\t\t\t<\/div>\n\t\t\t\t<\/div>\n\t\t\t\t\t<\/div>\n\t\t\t\t<\/div>\n\t\t\t\t<\/div>","protected":false},"excerpt":{"rendered":"<p>Police relative aux cookies et autres traceurs 1. Introduction Tempora utilise des cookies sur le domaine www.expo-amazonia.com afin de rendre le site web utilisable en activant des fonctions de base comme la navigation de page et l&rsquo;acc\u00e8s aux zones s\u00e9curis\u00e9es du site web. Nous utilisons \u00e9galement des cookies d\u2019analyses et de suivi publicitaires. Nous vous&hellip;&nbsp;<a href=\"https:\/\/expo-amazonia.com\/en\/police-relative-aux-cookies-et-autres-traceurs\/\" rel=\"bookmark\">Read More &raquo;<span class=\"screen-reader-text\">Police relative aux cookies et autres traceurs<\/span><\/a><\/p>","protected":false},"author":3,"featured_media":0,"parent":0,"menu_order":0,"comment_status":"closed","ping_status":"closed","template":"page-templates\/template-pagebuilder-full-width.php","meta":{"neve_meta_sidebar":"","neve_meta_container":"","neve_meta_enable_content_width":"","neve_meta_content_width":0,"neve_meta_title_alignment":"","neve_meta_author_avatar":"","neve_post_elements_order":"","neve_meta_disable_header":"","neve_meta_disable_footer":"","neve_meta_disable_title":"","neve_meta_reading_time":"","footnotes":""},"class_list":["post-163","page","type-page","status-publish","hentry"],"yoast_head":"<!-- This site is optimized with the Yoast SEO Premium plugin v24.8 (Yoast SEO v25.6) - https:\/\/yoast.com\/wordpress\/plugins\/seo\/ -->\n<title>Police relative aux cookies et autres traceurs - Amaz\u00f4nia<\/title>\n<meta name=\"robots\" content=\"noindex, nofollow\" \/>\n<meta property=\"og:locale\" content=\"en_GB\" \/>\n<meta property=\"og:type\" content=\"article\" \/>\n<meta property=\"og:title\" content=\"Police relative aux cookies et autres traceurs\" \/>\n<meta property=\"og:description\" content=\"Police relative aux cookies et autres traceurs 1. Introduction Tempora utilise des cookies sur le domaine www.expo-amazonia.com afin de rendre le site web utilisable en activant des fonctions de base comme la navigation de page et l&rsquo;acc\u00e8s aux zones s\u00e9curis\u00e9es du site web. Nous utilisons \u00e9galement des cookies d\u2019analyses et de suivi publicitaires. Nous vous&hellip;&nbsp;Read More &raquo;Police relative aux cookies et autres traceurs\" \/>\n<meta property=\"og:url\" content=\"https:\/\/expo-amazonia.com\/en\/police-relative-aux-cookies-et-autres-traceurs\/\" \/>\n<meta property=\"og:site_name\" content=\"Amaz\u00f4nia\" \/>\n<meta property=\"article:modified_time\" content=\"2025-02-11T12:58:37+00:00\" \/>\n<meta name=\"twitter:card\" content=\"summary_large_image\" \/>\n<meta name=\"twitter:label1\" content=\"Estimated reading time\" \/>\n\t<meta name=\"twitter:data1\" content=\"5 minutes\" \/>\n<script type=\"application\/ld+json\" class=\"yoast-schema-graph\">{\"@context\":\"https:\/\/schema.org\",\"@graph\":[{\"@type\":\"WebPage\",\"@id\":\"https:\/\/expo-amazonia.com\/police-relative-aux-cookies-et-autres-traceurs\/\",\"url\":\"https:\/\/expo-amazonia.com\/police-relative-aux-cookies-et-autres-traceurs\/\",\"name\":\"Police relative aux cookies et autres traceurs - Amaz\u00f4nia\",\"isPartOf\":{\"@id\":\"https:\/\/expo-amazonia.com\/#website\"},\"datePublished\":\"2025-01-22T14:19:09+00:00\",\"dateModified\":\"2025-02-11T12:58:37+00:00\",\"breadcrumb\":{\"@id\":\"https:\/\/expo-amazonia.com\/police-relative-aux-cookies-et-autres-traceurs\/#breadcrumb\"},\"inLanguage\":\"en-GB\",\"potentialAction\":[{\"@type\":\"ReadAction\",\"target\":[\"https:\/\/expo-amazonia.com\/police-relative-aux-cookies-et-autres-traceurs\/\"]}]},{\"@type\":\"BreadcrumbList\",\"@id\":\"https:\/\/expo-amazonia.com\/police-relative-aux-cookies-et-autres-traceurs\/#breadcrumb\",\"itemListElement\":[{\"@type\":\"ListItem\",\"position\":1,\"name\":\"Accueil\",\"item\":\"https:\/\/expo-amazonia.com\/\"},{\"@type\":\"ListItem\",\"position\":2,\"name\":\"Police relative aux cookies et autres traceurs\"}]},{\"@type\":\"WebSite\",\"@id\":\"https:\/\/expo-amazonia.com\/#website\",\"url\":\"https:\/\/expo-amazonia.com\/\",\"name\":\"Amaz\u00f4nia\",\"description\":\"\",\"potentialAction\":[{\"@type\":\"SearchAction\",\"target\":{\"@type\":\"EntryPoint\",\"urlTemplate\":\"https:\/\/expo-amazonia.com\/?s={search_term_string}\"},\"query-input\":{\"@type\":\"PropertyValueSpecification\",\"valueRequired\":true,\"valueName\":\"search_term_string\"}}],\"inLanguage\":\"en-GB\"}]}<\/script>\n<!-- \/ Yoast SEO Premium plugin. -->","yoast_head_json":{"title":"Police relative aux cookies et autres traceurs - Amaz\u00f4nia","robots":{"index":"noindex","follow":"nofollow"},"og_locale":"en_GB","og_type":"article","og_title":"Police relative aux cookies et autres traceurs","og_description":"Police relative aux cookies et autres traceurs 1. Introduction Tempora utilise des cookies sur le domaine www.expo-amazonia.com afin de rendre le site web utilisable en activant des fonctions de base comme la navigation de page et l&rsquo;acc\u00e8s aux zones s\u00e9curis\u00e9es du site web. Nous utilisons \u00e9galement des cookies d\u2019analyses et de suivi publicitaires. Nous vous&hellip;&nbsp;Read More &raquo;Police relative aux cookies et autres traceurs","og_url":"https:\/\/expo-amazonia.com\/en\/police-relative-aux-cookies-et-autres-traceurs\/","og_site_name":"Amaz\u00f4nia","article_modified_time":"2025-02-11T12:58:37+00:00","twitter_card":"summary_large_image","twitter_misc":{"Estimated reading time":"5 minutes"},"schema":{"@context":"https:\/\/schema.org","@graph":[{"@type":"WebPage","@id":"https:\/\/expo-amazonia.com\/police-relative-aux-cookies-et-autres-traceurs\/","url":"https:\/\/expo-amazonia.com\/police-relative-aux-cookies-et-autres-traceurs\/","name":"Police relative aux cookies et autres traceurs - Amaz\u00f4nia","isPartOf":{"@id":"https:\/\/expo-amazonia.com\/#website"},"datePublished":"2025-01-22T14:19:09+00:00","dateModified":"2025-02-11T12:58:37+00:00","breadcrumb":{"@id":"https:\/\/expo-amazonia.com\/police-relative-aux-cookies-et-autres-traceurs\/#breadcrumb"},"inLanguage":"en-GB","potentialAction":[{"@type":"ReadAction","target":["https:\/\/expo-amazonia.com\/police-relative-aux-cookies-et-autres-traceurs\/"]}]},{"@type":"BreadcrumbList","@id":"https:\/\/expo-amazonia.com\/police-relative-aux-cookies-et-autres-traceurs\/#breadcrumb","itemListElement":[{"@type":"ListItem","position":1,"name":"Accueil","item":"https:\/\/expo-amazonia.com\/"},{"@type":"ListItem","position":2,"name":"Police relative aux cookies et autres traceurs"}]},{"@type":"WebSite","@id":"https:\/\/expo-amazonia.com\/#website","url":"https:\/\/expo-amazonia.com\/","name":"Amaz\u00f4nia","description":"","potentialAction":[{"@type":"SearchAction","target":{"@type":"EntryPoint","urlTemplate":"https:\/\/expo-amazonia.com\/?s={search_term_string}"},"query-input":{"@type":"PropertyValueSpecification","valueRequired":true,"valueName":"search_term_string"}}],"inLanguage":"en-GB"}]}},"_links":{"self":[{"href":"https:\/\/expo-amazonia.com\/en\/wp-json\/wp\/v2\/pages\/163","targetHints":{"allow":["GET"]}}],"collection":[{"href":"https:\/\/expo-amazonia.com\/en\/wp-json\/wp\/v2\/pages"}],"about":[{"href":"https:\/\/expo-amazonia.com\/en\/wp-json\/wp\/v2\/types\/page"}],"author":[{"embeddable":true,"href":"https:\/\/expo-amazonia.com\/en\/wp-json\/wp\/v2\/users\/3"}],"replies":[{"embeddable":true,"href":"https:\/\/expo-amazonia.com\/en\/wp-json\/wp\/v2\/comments?post=163"}],"version-history":[{"count":11,"href":"https:\/\/expo-amazonia.com\/en\/wp-json\/wp\/v2\/pages\/163\/revisions"}],"predecessor-version":[{"id":1309,"href":"https:\/\/expo-amazonia.com\/en\/wp-json\/wp\/v2\/pages\/163\/revisions\/1309"}],"wp:attachment":[{"href":"https:\/\/expo-amazonia.com\/en\/wp-json\/wp\/v2\/media?parent=163"}],"curies":[{"name":"wp","href":"https:\/\/api.w.org\/{rel}","templated":true}]}}