{"id":163,"date":"2025-01-22T15:19:09","date_gmt":"2025-01-22T14:19:09","guid":{"rendered":"https:\/\/expo-amazonia.com\/?page_id=163"},"modified":"2025-02-11T13:58:37","modified_gmt":"2025-02-11T12:58:37","slug":"police-relative-aux-cookies-et-autres-traceurs","status":"publish","type":"page","link":"https:\/\/expo-amazonia.com\/nl\/police-relative-aux-cookies-et-autres-traceurs\/","title":{"rendered":"Beleid inzake cookies en andere trackers"},"content":{"rendered":"<div data-elementor-type=\"wp-page\" data-elementor-id=\"163\" class=\"elementor elementor-163\" data-elementor-post-type=\"page\">\n\t\t\t\t<div class=\"elementor-element elementor-element-c2badfe e-flex e-con-boxed e-con e-parent\" data-id=\"c2badfe\" data-element_type=\"container\" data-e-type=\"container\">\n\t\t\t\t\t<div class=\"e-con-inner\">\n\t\t\t\t<div class=\"elementor-element elementor-element-06af7dd elementor-widget elementor-widget-spacer\" data-id=\"06af7dd\" data-element_type=\"widget\" data-e-type=\"widget\" data-widget_type=\"spacer.default\">\n\t\t\t\t<div class=\"elementor-widget-container\">\n\t\t\t\t\t\t\t<div class=\"elementor-spacer\">\n\t\t\t<div class=\"elementor-spacer-inner\"><\/div>\n\t\t<\/div>\n\t\t\t\t\t\t<\/div>\n\t\t\t\t<\/div>\n\t\t\t\t\t<\/div>\n\t\t\t\t<\/div>\n\t\t<div class=\"elementor-element elementor-element-8e3c971 e-flex e-con-boxed e-con e-parent\" data-id=\"8e3c971\" data-element_type=\"container\" data-e-type=\"container\">\n\t\t\t\t\t<div class=\"e-con-inner\">\n\t\t\t\t<div class=\"elementor-element elementor-element-20b8fd5 elementor-widget elementor-widget-text-editor\" data-id=\"20b8fd5\" data-element_type=\"widget\" data-e-type=\"widget\" data-widget_type=\"text-editor.default\">\n\t\t\t\t<div class=\"elementor-widget-container\">\n\t\t\t\t\t\t\t\t\t<h1>Beleid inzake cookies en andere trackers<\/h1><h2><b>1. Inleiding<\/b><\/h2><p>Tempora maakt gebruik van cookies op www.expo-amazonia.com om de website te optimaliseren door basisfuncties zoals paginanavigatie en toegang tot beveiligde delen van de website mogelijk te maken. Wij maken ook gebruik van cookies voor analyse en reclametracking. We nodigen u uit om kennis te nemen van ons beleid.<\/p><h2><b>2. Wat is een cookie?<\/b><\/h2><p>Een \u201ccookie\u201d is een tekstbestand dat geplaatst wordt op het apparaat van een gebruiker die verbonden is met het internet.<\/p><p>De term \u201ccookie\u201d moet in de ruimste zin begrepen worden en omvat het geheel van cookies of trackers die geplaatst en\/of gelezen worden, bijvoorbeeld tijdens het raadplegen van een website, het lezen van een e-mail, de installatie of het gebruik van software of een mobiele app.<\/p><p>Dit geldt voor alle gebruikers, ongeacht het type apparaat dat wordt gebruikt: een computer, smartphone, digitale tablet, spelconsole \u2026<\/p><p>Een \u201ccookie\u201d wordt door de browser van de internetgebruiker tijdens zijn eerste bezoek aan de website opgeslagen op het apparaat. Het kan tijdens een volgend bezoek aan dezelfde website worden opgehaald. De informatie die de cookie bevat en wordt opgevraagd tijdens een later bezoek, wordt teruggestuurd naar de webpagina die de cookie heeft gegenereerd, d.w.z. ofwel een pagina waarop de gebruiker zich bevindt (\u201cfirst party cookie\u201d) ofwel een webpagina van een andere website (cookies van derden).<\/p><h2><b>3. Waarvoor dienen cookies en welke cookies gebruiken wij?<\/b><\/h2><p>Cookies kunnen bijvoorbeeld worden gebruikt om pagina\u2019s opnieuw te laden en om het bezoek van een gebruiker aan pagina-indelingen te herkennen bv. weergavetaal). Ze kunnen ook zorgen voor een aangenamere gebruikerservaring tijdens een paginabezoek door de voorkeuren van de gebruiker op te slaan.<\/p><p>Er bestaan verschillende soorten cookies. Sommige vereisen de toestemming van de gebruiker, andere zijn gebaseerd op andere doeleinden.<\/p><p>Deze website maakt gebruik van:<\/p><ul><li>Technische Cookies<\/li><\/ul><p>Ze zijn noodzakelijk voor de navigatie op de website en de toegang tot diensten. Het zijn technische onderdelen die niet uitgeschakeld of ingesteld kunnen worden omdat de website en\/of de diensten van de website anders niet langer toegankelijk zijn. Voor deze cookies is geen toestemming vereist.<\/p><ul><li>\u201cVoorkeurscookies\u201d<\/li><\/ul><p>Dankzij de voorkeurscookies kan een website informatie onthouden die de manier wijzigt waarop de website zich gedraagt of wordt weergegeven, zoals uw voorkeurstaal.<\/p><p>Deze cookies worden geactiveerd zodra een webpagina wordt weergegeven, of wanneer een bepaalde actie wordt uitgevoerd.<\/p><ul><li>Cookies om navigatiestatistieken te verkrijgen<\/li><\/ul><p>Statistische cookies stellen de eigenaar van een website in staat te begrijpen hoe gebruikers met de website omgaan.<\/p><ul><li>Cookies voor reclame- en trackingdoeleinden<\/li><\/ul><p>Reclamecookies worden gebruikt voor tracking van de gebruiker op websites. Het doel van de cookies is gerichte reclame aanbieden op basis van het gebruikersprofiel.<\/p><h2><b>4. Uw keuzes met betrekking tot cookies<\/b><\/h2><p>Indien u wenst te weten welke cookies op uw apparaat ge\u00efnstalleerd zijn of indien u ze wenst te verwijderen, kunt u gebruikmaken van de instellingen van uw browser. Meer uitleg over de werkwijze vindt u via onderstaande links.<\/p><h3>4.1. Een cookie weigeren via de browser<\/h3><p>Niet-exhaustieve lijst:<\/p><ul><li>Microsoft Edge:\u00a0<a href=\"https:\/\/support.microsoft.com\/fr-fr\/microsoft-edge\/supprimer-les-cookies-dans-microsoft-edge-63947406-40ac-c3b8-57b9-2a946a29ae09\">https:\/\/support.microsoft.com\/fr-fr\/microsoft-edge\/supprimer-les-cookies-dans-microsoft-edge-63947406-40ac-c3b8-57b9-2a946a29ae09<\/a><\/li><li>Mozilla Firefox: <a href=\"https:\/\/support.mozilla.org\/fr\/kb\/effacer-les-cookies-pour-supprimer-les-information\">https:\/\/support.mozilla.org\/fr\/kb\/effacer-les-cookies-pour-supprimer-les-information<\/a><\/li><li>Safari:\u00a0<a href=\"https:\/\/support.apple.com\/fr-be\/guide\/safari\/manage-cookies-and-website-data-sfri11471\/mac\">https:\/\/support.apple.com\/fr-be\/guide\/safari\/manage-cookies-and-website-data-sfri11471\/mac<\/a><\/li><li>Google Chrome: <a href=\"https:\/\/support.google.com\/chrome\/answer\/95647\">https:\/\/support.google.com\/chrome\/answer\/95647<\/a><\/li><\/ul><p>Het uitschakelen van alle cookies kan de gebruiker verhinderen om de website onder normale omstandigheden te gebruiken, met uitzondering van de basisfuncties.<\/p><h3>4.2. Weigeren van tracking<\/h3><p>De browser kan worden ingesteld om een code naar de websites te sturen die aangeeft dat de gebruiker niet gevolgd wil worden (Optie \u201cDo No Track\u201d).<\/p><p>Mobiele apparaten kunnen ook de instellingen \u201cBeperk reclametracking\u201d (op iOS ) of \u201cVerbied tracking\u201d (op Android) aanbieden.<\/p><h3>4.3. Aanpassing van de cookie-instellingen<\/h3><p>In het geval de cookie-instellingen gewijzigd worden, gebruiken wij geen cookies meer, maar ze kunnen nog steeds aanwezig zijn in de browser.<\/p><p>We vragen u om de ongewenste cookies te verwijderen via de instellingen van uw browser (zie punt 1 van dit hoofdstuk).<\/p><h2><b>5. Persoonsgegevens en privacy<\/b><\/h2><p>Dit cookiebeleid kan worden aangepast worden om eventuele veranderingen bekend te maken. De datum onderaan dit document geeft aan wanneer er voor het laatst wijzigingen zijn doorgevoerd.<\/p><p>Indien we de cookies waarvoor u toestemming hebt gegeven, voor andere doeleinden willen gebruiken, zullen wij u om toestemming vragen.<\/p><p>Voor alle andere vragen met betrekking tot het verzamelen en beheren van persoonsgegevens vragen we de gebruiker kennis te nemen van het privacybeleid of contact op te nemen met Tempora op het volgende adres: <a href=\"mailto:privacy@tempora.be\">privacy@tempora.be<\/a><\/p><p>In Frankrijk kan de gebruiker alle bijkomende informatie over cookies raadplegen op de website (<a href=\"https:\/\/www.cnil.fr\/\">https:\/\/www.cnil.fr\/<\/a>) of contact opnemen met de Commission Nationale de l\u2019Informatique et des Libert\u00e9s, 3 Place de Fontenoy - TSA 80715, 75334 PARIS CEDEX 07, Frankrijk.<\/p><p>In Belgi\u00eb kan de gebruiker alle bijkomende informatie over cookies raadplegen op de website (<a href=\"https:\/\/www.gegevensbeschermingsautoriteit.be\/\">https:\/\/www.gegevensbeschermingsautoriteit.be\/<\/a>) of contact opnemen met de Gegevensbeschermingsautoriteit, Drukpersstraat 35 - 1000 Brussel.<\/p><p>Laatste update: september 2022.<\/p>\t\t\t\t\t\t\t\t<\/div>\n\t\t\t\t<\/div>\n\t\t\t\t<div class=\"elementor-element elementor-element-9cb80bc elementor-widget elementor-widget-spacer\" data-id=\"9cb80bc\" data-element_type=\"widget\" data-e-type=\"widget\" data-widget_type=\"spacer.default\">\n\t\t\t\t<div class=\"elementor-widget-container\">\n\t\t\t\t\t\t\t<div class=\"elementor-spacer\">\n\t\t\t<div class=\"elementor-spacer-inner\"><\/div>\n\t\t<\/div>\n\t\t\t\t\t\t<\/div>\n\t\t\t\t<\/div>\n\t\t\t\t\t<\/div>\n\t\t\t\t<\/div>\n\t\t\t\t<\/div>","protected":false},"excerpt":{"rendered":"<p>Police relative aux cookies et autres traceurs 1. Introduction Tempora utilise des cookies sur le domaine www.expo-amazonia.com afin de rendre le site web utilisable en activant des fonctions de base comme la navigation de page et l&rsquo;acc\u00e8s aux zones s\u00e9curis\u00e9es du site web. Nous utilisons \u00e9galement des cookies d\u2019analyses et de suivi publicitaires. Nous vous&hellip;&nbsp;<a href=\"https:\/\/expo-amazonia.com\/nl\/police-relative-aux-cookies-et-autres-traceurs\/\" rel=\"bookmark\">Read More &raquo;<span class=\"screen-reader-text\">Beleid inzake cookies en andere trackers<\/span><\/a><\/p>","protected":false},"author":3,"featured_media":0,"parent":0,"menu_order":0,"comment_status":"closed","ping_status":"closed","template":"page-templates\/template-pagebuilder-full-width.php","meta":{"neve_meta_sidebar":"","neve_meta_container":"","neve_meta_enable_content_width":"","neve_meta_content_width":0,"neve_meta_title_alignment":"","neve_meta_author_avatar":"","neve_post_elements_order":"","neve_meta_disable_header":"","neve_meta_disable_footer":"","neve_meta_disable_title":"","neve_meta_reading_time":"","footnotes":""},"class_list":["post-163","page","type-page","status-publish","hentry"],"yoast_head":"<!-- This site is optimized with the Yoast SEO Premium plugin v24.8 (Yoast SEO v25.6) - https:\/\/yoast.com\/wordpress\/plugins\/seo\/ -->\n<title>Police relative aux cookies et autres traceurs - Amaz\u00f4nia<\/title>\n<meta name=\"robots\" content=\"noindex, nofollow\" \/>\n<meta property=\"og:locale\" content=\"nl_BE\" \/>\n<meta property=\"og:type\" content=\"article\" \/>\n<meta property=\"og:title\" content=\"Police relative aux cookies et autres traceurs\" \/>\n<meta property=\"og:description\" content=\"Police relative aux cookies et autres traceurs 1. Introduction Tempora utilise des cookies sur le domaine www.expo-amazonia.com afin de rendre le site web utilisable en activant des fonctions de base comme la navigation de page et l&rsquo;acc\u00e8s aux zones s\u00e9curis\u00e9es du site web. Nous utilisons \u00e9galement des cookies d\u2019analyses et de suivi publicitaires. Nous vous&hellip;&nbsp;Read More &raquo;Police relative aux cookies et autres traceurs\" \/>\n<meta property=\"og:url\" content=\"https:\/\/expo-amazonia.com\/nl\/police-relative-aux-cookies-et-autres-traceurs\/\" \/>\n<meta property=\"og:site_name\" content=\"Amaz\u00f4nia\" \/>\n<meta property=\"article:modified_time\" content=\"2025-02-11T12:58:37+00:00\" \/>\n<meta name=\"twitter:card\" content=\"summary_large_image\" \/>\n<meta name=\"twitter:label1\" content=\"Geschatte leestijd\" \/>\n\t<meta name=\"twitter:data1\" content=\"5 minuten\" \/>\n<script type=\"application\/ld+json\" class=\"yoast-schema-graph\">{\"@context\":\"https:\/\/schema.org\",\"@graph\":[{\"@type\":\"WebPage\",\"@id\":\"https:\/\/expo-amazonia.com\/police-relative-aux-cookies-et-autres-traceurs\/\",\"url\":\"https:\/\/expo-amazonia.com\/police-relative-aux-cookies-et-autres-traceurs\/\",\"name\":\"Police relative aux cookies et autres traceurs - Amaz\u00f4nia\",\"isPartOf\":{\"@id\":\"https:\/\/expo-amazonia.com\/#website\"},\"datePublished\":\"2025-01-22T14:19:09+00:00\",\"dateModified\":\"2025-02-11T12:58:37+00:00\",\"breadcrumb\":{\"@id\":\"https:\/\/expo-amazonia.com\/police-relative-aux-cookies-et-autres-traceurs\/#breadcrumb\"},\"inLanguage\":\"nl-BE\",\"potentialAction\":[{\"@type\":\"ReadAction\",\"target\":[\"https:\/\/expo-amazonia.com\/police-relative-aux-cookies-et-autres-traceurs\/\"]}]},{\"@type\":\"BreadcrumbList\",\"@id\":\"https:\/\/expo-amazonia.com\/police-relative-aux-cookies-et-autres-traceurs\/#breadcrumb\",\"itemListElement\":[{\"@type\":\"ListItem\",\"position\":1,\"name\":\"Accueil\",\"item\":\"https:\/\/expo-amazonia.com\/\"},{\"@type\":\"ListItem\",\"position\":2,\"name\":\"Police relative aux cookies et autres traceurs\"}]},{\"@type\":\"WebSite\",\"@id\":\"https:\/\/expo-amazonia.com\/#website\",\"url\":\"https:\/\/expo-amazonia.com\/\",\"name\":\"Amaz\u00f4nia\",\"description\":\"\",\"potentialAction\":[{\"@type\":\"SearchAction\",\"target\":{\"@type\":\"EntryPoint\",\"urlTemplate\":\"https:\/\/expo-amazonia.com\/?s={search_term_string}\"},\"query-input\":{\"@type\":\"PropertyValueSpecification\",\"valueRequired\":true,\"valueName\":\"search_term_string\"}}],\"inLanguage\":\"nl-BE\"}]}<\/script>\n<!-- \/ Yoast SEO Premium plugin. -->","yoast_head_json":{"title":"Police relative aux cookies et autres traceurs - Amaz\u00f4nia","robots":{"index":"noindex","follow":"nofollow"},"og_locale":"nl_BE","og_type":"article","og_title":"Police relative aux cookies et autres traceurs","og_description":"Police relative aux cookies et autres traceurs 1. Introduction Tempora utilise des cookies sur le domaine www.expo-amazonia.com afin de rendre le site web utilisable en activant des fonctions de base comme la navigation de page et l&rsquo;acc\u00e8s aux zones s\u00e9curis\u00e9es du site web. Nous utilisons \u00e9galement des cookies d\u2019analyses et de suivi publicitaires. Nous vous&hellip;&nbsp;Read More &raquo;Police relative aux cookies et autres traceurs","og_url":"https:\/\/expo-amazonia.com\/nl\/police-relative-aux-cookies-et-autres-traceurs\/","og_site_name":"Amaz\u00f4nia","article_modified_time":"2025-02-11T12:58:37+00:00","twitter_card":"summary_large_image","twitter_misc":{"Geschatte leestijd":"5 minuten"},"schema":{"@context":"https:\/\/schema.org","@graph":[{"@type":"WebPage","@id":"https:\/\/expo-amazonia.com\/police-relative-aux-cookies-et-autres-traceurs\/","url":"https:\/\/expo-amazonia.com\/police-relative-aux-cookies-et-autres-traceurs\/","name":"Police relative aux cookies et autres traceurs - Amaz\u00f4nia","isPartOf":{"@id":"https:\/\/expo-amazonia.com\/#website"},"datePublished":"2025-01-22T14:19:09+00:00","dateModified":"2025-02-11T12:58:37+00:00","breadcrumb":{"@id":"https:\/\/expo-amazonia.com\/police-relative-aux-cookies-et-autres-traceurs\/#breadcrumb"},"inLanguage":"nl-BE","potentialAction":[{"@type":"ReadAction","target":["https:\/\/expo-amazonia.com\/police-relative-aux-cookies-et-autres-traceurs\/"]}]},{"@type":"BreadcrumbList","@id":"https:\/\/expo-amazonia.com\/police-relative-aux-cookies-et-autres-traceurs\/#breadcrumb","itemListElement":[{"@type":"ListItem","position":1,"name":"Accueil","item":"https:\/\/expo-amazonia.com\/"},{"@type":"ListItem","position":2,"name":"Police relative aux cookies et autres traceurs"}]},{"@type":"WebSite","@id":"https:\/\/expo-amazonia.com\/#website","url":"https:\/\/expo-amazonia.com\/","name":"Amaz\u00f4nia","description":"","potentialAction":[{"@type":"SearchAction","target":{"@type":"EntryPoint","urlTemplate":"https:\/\/expo-amazonia.com\/?s={search_term_string}"},"query-input":{"@type":"PropertyValueSpecification","valueRequired":true,"valueName":"search_term_string"}}],"inLanguage":"nl-BE"}]}},"_links":{"self":[{"href":"https:\/\/expo-amazonia.com\/nl\/wp-json\/wp\/v2\/pages\/163","targetHints":{"allow":["GET"]}}],"collection":[{"href":"https:\/\/expo-amazonia.com\/nl\/wp-json\/wp\/v2\/pages"}],"about":[{"href":"https:\/\/expo-amazonia.com\/nl\/wp-json\/wp\/v2\/types\/page"}],"author":[{"embeddable":true,"href":"https:\/\/expo-amazonia.com\/nl\/wp-json\/wp\/v2\/users\/3"}],"replies":[{"embeddable":true,"href":"https:\/\/expo-amazonia.com\/nl\/wp-json\/wp\/v2\/comments?post=163"}],"version-history":[{"count":11,"href":"https:\/\/expo-amazonia.com\/nl\/wp-json\/wp\/v2\/pages\/163\/revisions"}],"predecessor-version":[{"id":1309,"href":"https:\/\/expo-amazonia.com\/nl\/wp-json\/wp\/v2\/pages\/163\/revisions\/1309"}],"wp:attachment":[{"href":"https:\/\/expo-amazonia.com\/nl\/wp-json\/wp\/v2\/media?parent=163"}],"curies":[{"name":"wp","href":"https:\/\/api.w.org\/{rel}","templated":true}]}}